{"id":1700,"date":"2025-05-21T22:19:00","date_gmt":"2025-05-21T20:19:00","guid":{"rendered":"https:\/\/pinline.local\/kontakt\/"},"modified":"2025-10-30T08:43:08","modified_gmt":"2025-10-30T07:43:08","slug":"contact","status":"publish","type":"page","link":"https:\/\/poligrafiksgroup.com\/en\/contact\/","title":{"rendered":"Contact"},"content":{"rendered":"\n<section class=\"contact section\">\n<div class=\"contact__inner-container inner-container\">\n<figure class=\"contact__image image\"><div class=\"inner-container\"><img loading=\"lazy\" decoding=\"async\" src=\"https:\/\/poligrafiksgroup.com\/wp-content\/uploads\/2025\/07\/hala-1.jpeg\" class=\"wp-image-936\" width=\"2500\" height=\"1406\" srcset=\"https:\/\/poligrafiksgroup.com\/wp-content\/uploads\/2025\/07\/hala-1.jpeg 2500w, https:\/\/poligrafiksgroup.com\/wp-content\/uploads\/2025\/07\/hala-1-768x432.jpeg 768w, https:\/\/poligrafiksgroup.com\/wp-content\/uploads\/2025\/07\/hala-1-1280x720.jpeg 1280w, https:\/\/poligrafiksgroup.com\/wp-content\/uploads\/2025\/07\/hala-1-256x144.jpeg 256w, https:\/\/poligrafiksgroup.com\/wp-content\/uploads\/2025\/07\/hala-1-1024x576.jpeg 1024w, https:\/\/poligrafiksgroup.com\/wp-content\/uploads\/2025\/07\/hala-1-1536x864.jpeg 1536w, https:\/\/poligrafiksgroup.com\/wp-content\/uploads\/2025\/07\/hala-1-2048x1152.jpeg 2048w, https:\/\/poligrafiksgroup.com\/wp-content\/uploads\/2025\/07\/hala-1-512x288.jpeg 512w\" sizes=\"auto, (max-width: 2500px) 100vw, 2500px\" \/><\/div><\/figure>\n\n\n\n<p class=\"contact__caption-info text\">wizualizacja &#8211; dzi\u0119ki wam si\u0119 rozwijamy<\/p>\n\n\n\n<div class=\"contact__columns container\">\n<div class=\"contact__column container\">\n<h2 class=\"contact__heading heading\">Odezwij si\u0119 do nas!<\/h2>\n\n\n\n<p class=\"contact__text text\">Masz w\u0105tpliwo\u015bci lub chcesz dowiedzie\u0107 si\u0119 czego\u015b wi\u0119cej? Po prostu do nas zadzwo\u0144 lub napisz.<\/p>\n\n\n\n<div class=\"contact__details container\">\n<a href=\"tel:+48 665 094 887\" class=\"contact__button-phone button is-style-link\" target=\"_self\"><span class=\"text\">+48 665 094 887<\/span><\/a>\n\n\n\n<a href=\"mail:drukarnia@poligrafiks.pl\" class=\"contact__button-mail button is-style-link\" target=\"_self\" download><span class=\"text\">drukarnia@poligrafiks.pl<\/span><\/a>\n\n\n\n<p class=\"contact__address text\">O\u015bwi\u0119cimska 266, 43-100 Tychy<\/p>\n<\/div>\n<\/div>\n\n\n\n<div class=\"contact__column container\">\n<div id=\"contact_form_69e0e541a48f3\" class=\"contact-form\">\n\n  \n  \n  <form class=\"form has-validation\" method=\"post\" action=\"https:\/\/poligrafiksgroup.com\/en\/contact\/#contact_form_69e0e541a48f3\">\n\n    <!-- IMI\u0118 -->\n    <div class=\"form-item form-item--name\">\n      <label for=\"contact_name\" class=\"sr-only\">\n        Imi\u0119 *\n      <\/label>\n      <input\n        type=\"text\"\n        name=\"contactName\"\n        id=\"contact_name\"\n        class=\"input\"\n        placeholder=\"Imi\u0119 *\"\n        value=\"\"\n        autocomplete=\"off\"\n      \/>\n          <\/div>\n\n    <!-- NAZWISKO -->\n    <div class=\"form-item form-item--last-name\">\n      <label for=\"contact_last_name\" class=\"sr-only\">\n        Nazwisko *\n      <\/label>\n      <input\n        type=\"text\"\n        name=\"contactLastName\"\n        id=\"contact_last_name\"\n        class=\"input\"\n        placeholder=\"Nazwisko *\"\n        value=\"\"\n        autocomplete=\"off\"\n      \/>\n          <\/div>\n\n    <!-- E-MAIL -->\n    <div class=\"form-item form-item--email\">\n      <label for=\"contact_email\" class=\"sr-only\">\n        Adres e-mail *\n      <\/label>\n      <input\n        type=\"email\"\n        name=\"contactEmail\"\n        id=\"contact_email\"\n        class=\"input\"\n        placeholder=\"Adres e-mail *\"\n        value=\"\"\n        autocomplete=\"off\"\n      \/>\n          <\/div>\n\n    <!-- TELEFON -->\n    <div class=\"form-item form-item--phone\">\n      <label for=\"contact_phone\" class=\"sr-only\">\n        Numer telefonu *\n      <\/label>\n      <input\n        type=\"text\"\n        name=\"contactPhone\"\n        id=\"contact_phone\"\n        class=\"input\"\n        placeholder=\"Numer telefonu *\"\n        value=\"\"\n        autocomplete=\"off\"\n      \/>\n          <\/div>\n\n    <!-- TEMAT -->\n    <div class=\"form-item form-item--subject\">\n      <label for=\"contact_subject\" class=\"sr-only\">\n        Wybierz temat *\n      <\/label>\n      <select\n        name=\"contactSubject\"\n        id=\"contact_subject\"\n        class=\"input\"\n      >\n                  <option value=\"Projekt graficzny\"\n            >\n            Projekt graficzny          <\/option>\n                  <option value=\"Proces realizacji\"\n            >\n            Proces realizacji          <\/option>\n                  <option value=\"Z\u0142o\u017cenie zam\u00f3wienia\"\n            >\n            Z\u0142o\u017cenie zam\u00f3wienia          <\/option>\n                  <option value=\"Reklamacja\"\n            >\n            Reklamacja          <\/option>\n                  <option value=\"Op\u0142ata zam\u00f3wienia\"\n            >\n            Op\u0142ata zam\u00f3wienia          <\/option>\n                  <option value=\"Inny\"\n            >\n            Inny          <\/option>\n              <\/select>\n          <\/div>\n\n    <!-- WIADOMO\u015a\u0106 -->\n    <div class=\"form-item form-item--message\">\n      <label for=\"contact_message\" class=\"sr-only\">\n        Jak mo\u017cemy Ci pom\u00f3c? *\n      <\/label>\n      <textarea\n        name=\"contactMessage\"\n        id=\"contact_message\"\n        class=\"textarea\"\n        placeholder=\"Jak mo\u017cemy Ci pom\u00f3c? *\"\n        rows=\"8\"\n        cols=\"30\"\n      ><\/textarea>\n          <\/div>\n\n    <!-- HONEYPOT -->\n          <div class=\"form-item form-item--data\">\n        <label for=\"contact_data\" class=\"sr-only\">\n          Pozostaw to pole pustym.        <\/label>\n        <input\n          type=\"text\"\n          name=\"contactData\"\n          id=\"contact_data\"\n          class=\"input\"\n          value=\"\"\n          autocomplete=\"off\"\n        \/>\n      <\/div>\n    \n    <!-- ZGODA -->\n    <div class=\"form-item form-item--consent\">\n      <label for=\"contact_consent\">\n        <input\n          type=\"checkbox\"\n          name=\"contactConsent\"\n          id=\"contact_consent\"\n          value=\"1\"\n                  \/>\n        Akceptuj\u0119 regulamin.      <\/label>\n          <\/div>\n\n    <!-- PRZYCISK -->\n    <div class=\"form-item form-item--submit\">\n      <button type=\"submit\" name=\"contactSubmit\" class=\"button is-large\">\n        <span class=\"text\">Wy\u015blij wiadomo\u015b\u0107<\/span>\n        <span class=\"background\"><\/span>\n      <\/button>\n    <\/div>\n\n  <\/form>\n<\/div><\/div>\n<\/div>\n\n\n\n<div class=\"contact__map container\">\n<iframe src=\"https:\/\/www.google.com\/maps\/embed?pb=!1m18!1m12!1m3!1d2558.7304781522034!2d19.043497976575377!3d50.11005157152923!2m3!1f0!2f0!3f0!3m2!1i1024!2i768!4f13.1!3m3!1m2!1s0x4716b7fc4af452f1%3A0xff7fc7ec8fd5469f!2sDrukarnia%20Poligrafiks!5e0!3m2!1spl!2spl!4v1747913664836!5m2!1spl!2spl\" width=\"800\" height=\"600\" style=\"border:0;\" allowfullscreen=\"\" loading=\"lazy\" referrerpolicy=\"no-referrer-when-downgrade\"><\/iframe>\n<\/div>\n<\/div>\n<\/section>\n","protected":false},"excerpt":{"rendered":"","protected":false},"author":1,"featured_media":0,"parent":0,"menu_order":0,"comment_status":"closed","ping_status":"closed","template":"","meta":{"_acf_changed":false,"footnotes":""},"class_list":["post-1700","page","type-page","status-publish","hentry"],"acf":[],"_links":{"self":[{"href":"https:\/\/poligrafiksgroup.com\/en\/wp-json\/wp\/v2\/pages\/1700","targetHints":{"allow":["GET"]}}],"collection":[{"href":"https:\/\/poligrafiksgroup.com\/en\/wp-json\/wp\/v2\/pages"}],"about":[{"href":"https:\/\/poligrafiksgroup.com\/en\/wp-json\/wp\/v2\/types\/page"}],"author":[{"embeddable":true,"href":"https:\/\/poligrafiksgroup.com\/en\/wp-json\/wp\/v2\/users\/1"}],"replies":[{"embeddable":true,"href":"https:\/\/poligrafiksgroup.com\/en\/wp-json\/wp\/v2\/comments?post=1700"}],"version-history":[{"count":2,"href":"https:\/\/poligrafiksgroup.com\/en\/wp-json\/wp\/v2\/pages\/1700\/revisions"}],"predecessor-version":[{"id":1949,"href":"https:\/\/poligrafiksgroup.com\/en\/wp-json\/wp\/v2\/pages\/1700\/revisions\/1949"}],"wp:attachment":[{"href":"https:\/\/poligrafiksgroup.com\/en\/wp-json\/wp\/v2\/media?parent=1700"}],"curies":[{"name":"wp","href":"https:\/\/api.w.org\/{rel}","templated":true}]}}